{"id":2430,"date":"2025-05-05T15:59:51","date_gmt":"2025-05-05T13:59:51","guid":{"rendered":"https:\/\/talent-puzzle.com\/?page_id=2430"},"modified":"2026-02-03T18:59:03","modified_gmt":"2026-02-03T17:59:03","slug":"career-and-application-coaching-by-german-hr-expert","status":"publish","type":"page","link":"https:\/\/talent-puzzle.com\/en\/career-and-application-coaching-by-german-hr-expert\/","title":{"rendered":"Career Coaching"},"content":{"rendered":"<div class=\"wpb-content-wrapper\">[vc_row thb_full_width=&#8221;true&#8221; thb_row_padding=&#8221;true&#8221; thb_column_padding=&#8221;true&#8221; css=&#8221;.vc_custom_1580827507529{background-color: #32cdcd !important;}&#8221;][vc_column width=&#8221;1\/3&#8243; css=&#8221;.vc_custom_1727254277010{background-image: url(https:\/\/talent-puzzle.com\/wp-content\/uploads\/2024\/09\/SK-Inken-Schneider-23.08.23-0705_VERKLEINERT.jpg?id=2366) !important;background-position: center !important;background-repeat: no-repeat !important;background-size: cover !important;}&#8221; el_class=&#8221;index_bg_image&#8221;][vc_empty_space height=&#8221;15vw&#8221;][\/vc_column][vc_column width=&#8221;2\/3&#8243; css=&#8221;.vc_custom_1580827618603{padding-top: 40px !important;padding-right: 40px !important;padding-bottom: 40px !important;padding-left: 70px !important;}&#8221;][vc_custom_heading text=&#8221;Career Coaching&#8221; font_container=&#8221;tag:h1|text_align:left&#8221;][vc_empty_space height=&#8221;20px&#8221;][vc_custom_heading text=&#8221;Use my insider expertise from 25 years of international personnel management<br \/>\nand 3,000 job interviews for your success&#8221; css=&#8221;&#8221; el_class=&#8221;header-subheadline&#8221;][\/vc_column][\/vc_row][vc_row thb_full_width=&#8221;true&#8221; css=&#8221;.vc_custom_1599204142057{margin-top: 60px !important;margin-bottom: 0px !important;}&#8221;][vc_column width=&#8221;1\/3&#8243;][vc_column_text css=&#8221;&#8221;]\n<h2><span class=\"icon_size_30 fas fa-file-alt txt_higlight_green\"><b><span class=\"pl_10 txt_size_h2\">Convincing CV and cover letter<\/span><\/b><\/span><\/h2>\n[\/vc_column_text][vc_column_text]Your CV and cover letter are your <b>self marketing <\/b><b>documents<\/b>. But it&#8217;s not that easy to put yourself in the best possible light! And unfortunately, ChatGPT can only provide limited support because AI tools don\u2019t know your achievements.<\/p>\n<p>This is where I come in to help. Via video conference we will discuss and highlight your experiences and talents and present them convincingly. <b>In German or English <\/b>&#8211; as you need it!<\/p>\n<p>We will also check whether you have already thought of all possible application channels and, for example, if you are using <b>social <\/b><b>media <\/b>to your advantage.<\/p>\n<p>If you wish, I will also review your <b>job references <\/b>so that you know exactly what is hidden behind the standard clauses. Or draft a reference for you that you can submit to your last employer if the topic is still open.[\/vc_column_text][\/vc_column][vc_column width=&#8221;1\/3&#8243;][vc_column_text css=&#8221;&#8221;]\n<h2><span class=\"icon_size_30 fas fa-user-tie txt_higlight_green\"><b><span class=\"pl_10 txt_size_h2\">Preparation for your job interview<\/span><\/b><\/span><\/h2>\n[\/vc_column_text][vc_column_text]Together we simulate a job interview via video conference. You will get to know the standard procedure and practice the best choice of words for a <strong>convincing self-presentation<\/strong> in which you can remain completely authentic.<\/p>\n<p>We also practice how you can find good answers to tricky questions and not sell yourself below your value out of sheer excitement.<\/p>\n<p>In addition, I will give you valuable tips for a winning appearance and what else you can do to <strong>make a positive impression<\/strong>.[\/vc_column_text][\/vc_column][vc_column width=&#8221;1\/3&#8243;][vc_column_text css=&#8221;&#8221;]\n<h2><span class=\"icon_size_30 fas fa-question-circle txt_higlight_green\"><b><span class=\"pl_10 txt_size_h2\">Career reorientation coaching<\/span><\/b><\/span><\/h2>\n[\/vc_column_text][vc_column_text]Perhaps you are not yet in the application phase, <strong>but don&#8217;t really know where your career path will take you<\/strong>?<\/p>\n<p>Something is coming to an end for you &#8211; studies, parental leave, a stage in your life or your current job. Or your current work content simply no longer feels good and right.<\/p>\n<p>In this case, we first use coaching techniques to find out where <strong>your personal strengths and resources<\/strong> lie and what energises you. From this, we derive possible future fields of activity.<\/p>\n<p>At the same time, we take a critical look at where any hurdles might lie and how they can be overcome. This gives us a <strong>realistic picture<\/strong> of which career direction makes sense for you.<\/p>\n<p>In me, you have a dialogue partner who will help you to <strong>structure your thoughts<\/strong> instead of just going round in circles. And who will encourage you to believe in yourself and overcome setbacks.[\/vc_column_text][\/vc_column][\/vc_row][vc_row css=&#8221;.vc_custom_1599204089884{margin-top: 0px !important;padding-top: 0px !important;}&#8221;][vc_column css=&#8221;.vc_custom_1599204134921{margin-top: 0px !important;padding-top: 0px !important;}&#8221;][vc_column_text]\n<p style=\"text-align: center;\">You can book the entire range of services on an hourly basis &#8211; according to your needs.<br \/>\nAn investment that is <strong>worthwile for life<\/strong> and is also <strong>tax-deductible<\/strong>.<\/p>\n[\/vc_column_text][\/vc_column][\/vc_row][vc_row thb_full_width=&#8221;true&#8221; thb_row_padding=&#8221;true&#8221; thb_column_padding=&#8221;true&#8221; css=&#8221;.vc_custom_1578770674532{margin-bottom: 40px !important;background-color: #fa6400 !important;}&#8221;][vc_column css=&#8221;.vc_custom_1578770571243{margin-top: 0px !important;padding-top: 0px !important;}&#8221;][vc_row_inner css=&#8221;.vc_custom_1578653615784{padding-top: 50px !important;padding-bottom: 40px !important;}&#8221;][vc_column_inner width=&#8221;2\/3&#8243;][vc_empty_space height=&#8221;8px&#8221;][vc_custom_heading text=&#8221;Are you concerned about your future career path?<br \/>\nGrab it and contact me:&#8221; font_container=&#8221;tag:p|font_size:32|text_align:left|color:%23ffffff&#8221; css=&#8221;&#8221; el_class=&#8221;section-title-cta&#8221;][\/vc_column_inner][vc_column_inner width=&#8221;1\/3&#8243;]\t<a id=\"thb-button-69e18bd1bf023\" class=\"btn style2 medium  white small-radius animation fade-in button_special_padding  \" href=\"tel:015167337785\" target=\"_self\" role=\"button\">\n\t\t\t\t\t<span>PHONE<\/span>\n\t\t\t<\/a>\n\t\t\t<a id=\"thb-button-69e18bd1bf08c\" class=\"btn style2 medium  white small-radius animation fade-in margin-left-10 button_special_padding  \" href=\"mailto:kontakt@talent-puzzle.com\" target=\"_self\" role=\"button\">\n\t\t\t\t\t<span>E-MAIL<\/span>\n\t\t\t<\/a>\n\t\t[\/vc_column_inner][\/vc_row_inner][\/vc_column][\/vc_row][vc_row css=&#8221;.vc_custom_1578647264806{margin-bottom: 0px !important;padding-bottom: 0px !important;}&#8221;][vc_column width=&#8221;1\/4&#8243;]\t<div id=\"thb-iconbox-69e18bd1bf0ce\" class=\"thb-iconbox left type2  has-img   animation-true\" href=\"\" target=\"_self\" data-animation_speed=\".25\">\n\t\t\t\t<figure>\n\t\t\t\t\t\t\t<div class=\"iconbox-image\">\n\t\t\t\t\t<img loading=\"lazy\" decoding=\"async\" width=\"300\" height=\"300\" src=\"https:\/\/talent-puzzle.com\/wp-content\/uploads\/2020\/01\/icon_talent_puzzle.png\" class=\"thb_image  attachment-full\" alt=\"icon of a puzzle piece\" title=\"icon puzzle piece\" \/>\t\t\t\t\t\t\t\t\t<\/div>\n\t\t\t\t\t\t\t\t\t\t\t\t<\/figure>\n\t\t\t\t<div class=\"iconbox-content\">\n\t\t\t\t\t\t<p style=\"padding-top:17px\">Inken Schneider TALENT PUZZLE<\/p>\n\t\t\t\t\t<\/div>\n\t\t<style>\n\t\t\t\t\t\t\t\t\t\t\t\t\t\t\t\t\t\t\t#thb-iconbox-69e18bd1bf0ce.thb-iconbox .iconbox-image img {\n\t\t\t\t\twidth: 50px;\n\t\t\t\t\theight: auto;\n\t\t\t\t}\n\t\t\t\t\t\t\t\t\t\t\t\t\/* Hover *\/\n\t\t\t\t\t\t\t\t\t\t\t<\/style>\n\t<\/div>\n\t[\/vc_column][vc_column width=&#8221;1\/4&#8243;]\t<div id=\"thb-iconbox-69e18bd1bfa8c\" class=\"thb-iconbox left type2  has-img   animation-true\" href=\"\" target=\"_self\" data-animation_speed=\".25\">\n\t\t\t\t<figure>\n\t\t\t\t\t\t\t<div class=\"iconbox-image\">\n\t\t\t\t\t<img loading=\"lazy\" decoding=\"async\" width=\"300\" height=\"300\" src=\"https:\/\/talent-puzzle.com\/wp-content\/uploads\/2020\/01\/icon_pin.png\" class=\"thb_image  attachment-full\" alt=\"icon of a pin to symbolize a location\" title=\"icon pin\" \/>\t\t\t\t\t\t\t\t\t<\/div>\n\t\t\t\t\t\t\t\t\t\t\t\t<\/figure>\n\t\t\t\t<div class=\"iconbox-content\">\n\t\t\t\t\t\t<p style=\"padding-top:17px\">Frankfurt, Hessen, Deutschland<\/p>\n\t\t\t\t\t<\/div>\n\t\t<style>\n\t\t\t\t\t\t\t\t\t\t\t\t\t\t\t\t\t\t\t#thb-iconbox-69e18bd1bfa8c.thb-iconbox .iconbox-image img {\n\t\t\t\t\twidth: 50px;\n\t\t\t\t\theight: auto;\n\t\t\t\t}\n\t\t\t\t\t\t\t\t\t\t\t\t\/* Hover *\/\n\t\t\t\t\t\t\t\t\t\t\t<\/style>\n\t<\/div>\n\t[\/vc_column][vc_column width=&#8221;1\/4&#8243;]\t<div id=\"thb-iconbox-69e18bd1c017e\" class=\"thb-iconbox left type2  has-img   animation-true\" href=\"\" target=\"_self\" data-animation_speed=\".25\">\n\t\t\t\t<figure>\n\t\t\t\t\t\t\t<div class=\"iconbox-image\">\n\t\t\t\t\t<img loading=\"lazy\" decoding=\"async\" width=\"300\" height=\"300\" src=\"https:\/\/talent-puzzle.com\/wp-content\/uploads\/2020\/01\/icon_mail.png\" class=\"thb_image  attachment-full\" alt=\"icon of a letter, symbolizing an e-mail address\" title=\"icon letter\" \/>\t\t\t\t\t\t\t\t\t<\/div>\n\t\t\t\t\t\t\t\t\t\t\t\t<\/figure>\n\t\t\t\t<div class=\"iconbox-content\">\n\t\t\t\t\t\t<p style=\"padding-top:17px\"><a href=\"mailto:kontakt@talent-puzzle.com\" title=\"Inken Schneider - TALENT PUZZLE - Frankfurt - Email\">kontakt@talent-puzzle.com<\/a><\/p>\n\t\t\t\t\t<\/div>\n\t\t<style>\n\t\t\t\t\t\t\t\t\t\t\t\t\t\t\t\t\t\t\t#thb-iconbox-69e18bd1c017e.thb-iconbox .iconbox-image img {\n\t\t\t\t\twidth: 50px;\n\t\t\t\t\theight: auto;\n\t\t\t\t}\n\t\t\t\t\t\t\t\t\t\t\t\t\/* Hover *\/\n\t\t\t\t\t\t\t\t\t\t\t<\/style>\n\t<\/div>\n\t[\/vc_column][vc_column width=&#8221;1\/4&#8243;]\t<div id=\"thb-iconbox-69e18bd1c0821\" class=\"thb-iconbox left type2  has-img   animation-true\" href=\"\" target=\"_self\" data-animation_speed=\".25\">\n\t\t\t\t<figure>\n\t\t\t\t\t\t\t<div class=\"iconbox-image\">\n\t\t\t\t\t<img loading=\"lazy\" decoding=\"async\" width=\"300\" height=\"300\" src=\"https:\/\/talent-puzzle.com\/wp-content\/uploads\/2020\/01\/icon_smartphone.png\" class=\"thb_image  attachment-full\" alt=\"icon of a smartphone\" title=\"icon smartphone\" \/>\t\t\t\t\t\t\t\t\t<\/div>\n\t\t\t\t\t\t\t\t\t\t\t\t<\/figure>\n\t\t\t\t<div class=\"iconbox-content\">\n\t\t\t\t\t\t<p style=\"padding-top:4px\"><a href=\"tel:015167337785\" title=\"Inken Schneider - TALENT PUZZLE - Frankfurt - Mobil\">+49 (0) 1516 7 33 77 85<\/a><br \/><a href=\"tel:06920738753\" title=\"Inken Schneider - TALENT PUZZLE - Frankfurt - Telefon\">+49 (0) 69 20 73 87 53<\/a><\/p>\n\t\t\t\t\t<\/div>\n\t\t<style>\n\t\t\t\t\t\t\t\t\t\t\t\t\t\t\t\t\t\t\t#thb-iconbox-69e18bd1c0821.thb-iconbox .iconbox-image img {\n\t\t\t\t\twidth: 50px;\n\t\t\t\t\theight: auto;\n\t\t\t\t}\n\t\t\t\t\t\t\t\t\t\t\t\t\/* Hover *\/\n\t\t\t\t\t\t\t\t\t\t\t<\/style>\n\t<\/div>\n\t[\/vc_column][\/vc_row][vc_row css=&#8221;.vc_custom_1578643479158{padding-top: 20px !important;}&#8221;][vc_column width=&#8221;1\/6&#8243;][\/vc_column][vc_column width=&#8221;1\/6&#8243;][\/vc_column][vc_column width=&#8221;1\/6&#8243;][vc_icon icon_fontawesome=&#8221;fab fa-linkedin-in&#8221; color=&#8221;custom&#8221; css_animation=&#8221;none&#8221; custom_color=&#8221;#303030&#8243; link=&#8221;url:https%3A%2F%2Fwww.linkedin.com%2Fin%2Finken-schneider-2b1ab188%2F|title:Inken%20Schneider%20TALENT%20PUZZLE%20%40%20Linkedin|target:%20_blank|&#8221;][\/vc_column][vc_column width=&#8221;1\/6&#8243;][vc_icon icon_fontawesome=&#8221;fab fa-xing&#8221; color=&#8221;custom&#8221; css_animation=&#8221;none&#8221; custom_color=&#8221;#303030&#8243; link=&#8221;url:https%3A%2F%2Fwww.xing.com%2Fprofile%2FInken_Schneider%2Fcv|title:Inken%20Schneider%20TALENT%20PUZZLE%20%40%20Xing|target:%20_blank|&#8221;][\/vc_column][vc_column width=&#8221;1\/6&#8243;][\/vc_column][vc_column width=&#8221;1\/6&#8243;][\/vc_column][\/vc_row]\n<\/div>","protected":false},"excerpt":{"rendered":"<p>[vc_row thb_full_width=&#8221;true&#8221; thb_row_padding=&#8221;true&#8221; thb_column_padding=&#8221;true&#8221; css=&#8221;.vc_custom_1580827507529{background-color: #32cdcd !important;}&#8221;][vc_column width=&#8221;1\/3&#8243; css=&#8221;.vc_custom_1727254277010{background-image: url(https:\/\/talent-puzzle.com\/wp-content\/uploads\/2024\/09\/SK-Inken-Schneider-23.08.23-0705_VERKLEINERT.jpg?id=2366) !important;background-position: center !important;background-repeat: no-repeat !important;background-size: cover !important;}&#8221; el_class=&#8221;index_bg_image&#8221;][vc_empty_space height=&#8221;15vw&#8221;][\/vc_column][vc_column width=&#8221;2\/3&#8243; css=&#8221;.vc_custom_1580827618603{padding-top: 40px !important;padding-right: 40px !important;padding-bottom: 40px !important;padding-left: 70px !important;}&#8221;][vc_custom_heading text=&#8221;Career Coaching&#8221; font_container=&#8221;tag:h1|text_align:left&#8221;][vc_empty_space height=&#8221;20px&#8221;][vc_custom_heading text=&#8221;Use my insider expertise from 25 years of international personnel management and 3,000 job interviews for your success&#8221; css=&#8221;&#8221; el_class=&#8221;header-subheadline&#8221;][\/vc_column][\/vc_row][vc_row thb_full_width=&#8221;true&#8221; css=&#8221;.vc_custom_1599204142057{margin-top:&hellip;<\/p>\n","protected":false},"author":5,"featured_media":0,"parent":0,"menu_order":2,"comment_status":"closed","ping_status":"closed","template":"","meta":{"footnotes":""},"class_list":["post-2430","page","type-page","status-publish","hentry"],"yoast_head":"<!-- This site is optimized with the Yoast SEO plugin v27.3 - https:\/\/yoast.com\/product\/yoast-seo-wordpress\/ -->\n<title>Career Coaching &amp; Application Consulting by German HR Manager<\/title>\n<meta name=\"description\" content=\"I support you with advice on your next career step, on your CV, cover letter &amp; job references, and how to perform best during a job interview\" \/>\n<meta name=\"robots\" content=\"index, follow, max-snippet:-1, max-image-preview:large, max-video-preview:-1\" \/>\n<link rel=\"canonical\" href=\"https:\/\/talent-puzzle.com\/en\/career-and-application-coaching-by-german-hr-expert\/\" \/>\n<meta property=\"og:locale\" content=\"en_US\" \/>\n<meta property=\"og:type\" content=\"article\" \/>\n<meta property=\"og:title\" content=\"TALENT PUZZLE | Talent Management f\u00fcr stabile Personalverh\u00e4ltnisse\" \/>\n<meta property=\"og:description\" content=\"Zusammen erarbeiten wir Strategien, Methoden und Ma\u00dfnahmen zur optimalen Besetzung von kritischen Postionen in Ihrem Unternehmen - Kontaktieren Sie mich jetzt\" \/>\n<meta property=\"og:url\" content=\"https:\/\/talent-puzzle.com\/en\/career-and-application-coaching-by-german-hr-expert\/\" \/>\n<meta property=\"og:site_name\" content=\"TALENT PUZZLE Inken Schneider\" \/>\n<meta property=\"article:modified_time\" content=\"2026-02-03T17:59:03+00:00\" \/>\n<meta property=\"og:image\" content=\"https:\/\/talent-puzzle.com\/wp-content\/uploads\/2019\/04\/logo-talent-puzzle-inken-schneider.png\" \/>\n\t<meta property=\"og:image:width\" content=\"491\" \/>\n\t<meta property=\"og:image:height\" content=\"118\" \/>\n\t<meta property=\"og:image:type\" content=\"image\/png\" \/>\n<meta name=\"twitter:card\" content=\"summary_large_image\" \/>\n<meta name=\"twitter:label1\" content=\"Est. reading time\" \/>\n\t<meta name=\"twitter:data1\" content=\"4 minutes\" \/>\n<script type=\"application\/ld+json\" class=\"yoast-schema-graph\">{\"@context\":\"https:\\\/\\\/schema.org\",\"@graph\":[{\"@type\":\"WebPage\",\"@id\":\"https:\\\/\\\/talent-puzzle.com\\\/en\\\/career-and-application-coaching-by-german-hr-expert\\\/\",\"url\":\"https:\\\/\\\/talent-puzzle.com\\\/en\\\/career-and-application-coaching-by-german-hr-expert\\\/\",\"name\":\"Career Coaching & Application Consulting by German HR Manager\",\"isPartOf\":{\"@id\":\"https:\\\/\\\/talent-puzzle.com\\\/en\\\/#website\"},\"datePublished\":\"2025-05-05T13:59:51+00:00\",\"dateModified\":\"2026-02-03T17:59:03+00:00\",\"description\":\"I support you with advice on your next career step, on your CV, cover letter & job references, and how to perform best during a job interview\",\"breadcrumb\":{\"@id\":\"https:\\\/\\\/talent-puzzle.com\\\/en\\\/career-and-application-coaching-by-german-hr-expert\\\/#breadcrumb\"},\"inLanguage\":\"en-US\",\"potentialAction\":[{\"@type\":\"ReadAction\",\"target\":[\"https:\\\/\\\/talent-puzzle.com\\\/en\\\/career-and-application-coaching-by-german-hr-expert\\\/\"]}]},{\"@type\":\"BreadcrumbList\",\"@id\":\"https:\\\/\\\/talent-puzzle.com\\\/en\\\/career-and-application-coaching-by-german-hr-expert\\\/#breadcrumb\",\"itemListElement\":[{\"@type\":\"ListItem\",\"position\":1,\"name\":\"Startseite\",\"item\":\"https:\\\/\\\/talent-puzzle.com\\\/en\\\/\"},{\"@type\":\"ListItem\",\"position\":2,\"name\":\"Career Coaching\"}]},{\"@type\":\"WebSite\",\"@id\":\"https:\\\/\\\/talent-puzzle.com\\\/en\\\/#website\",\"url\":\"https:\\\/\\\/talent-puzzle.com\\\/en\\\/\",\"name\":\"TALENT PUZZLE | Inken Schneider\",\"description\":\"Talent Management zur Sicherung Ihres Personalbedarfs\",\"publisher\":{\"@id\":\"https:\\\/\\\/talent-puzzle.com\\\/en\\\/#organization\"},\"alternateName\":\"Talent Management \u2013 Recruiting-Optimierung\",\"potentialAction\":[{\"@type\":\"SearchAction\",\"target\":{\"@type\":\"EntryPoint\",\"urlTemplate\":\"https:\\\/\\\/talent-puzzle.com\\\/en\\\/?s={search_term_string}\"},\"query-input\":{\"@type\":\"PropertyValueSpecification\",\"valueRequired\":true,\"valueName\":\"search_term_string\"}}],\"inLanguage\":\"en-US\"},{\"@type\":\"Organization\",\"@id\":\"https:\\\/\\\/talent-puzzle.com\\\/en\\\/#organization\",\"name\":\"HR Interim Management und Freelance f\u00fcr den Mittelstand\",\"alternateName\":\"Personal Management \u2013 HR Recruiting\",\"url\":\"https:\\\/\\\/talent-puzzle.com\\\/en\\\/\",\"logo\":{\"@type\":\"ImageObject\",\"inLanguage\":\"en-US\",\"@id\":\"https:\\\/\\\/talent-puzzle.com\\\/en\\\/#\\\/schema\\\/logo\\\/image\\\/\",\"url\":\"https:\\\/\\\/talent-puzzle.com\\\/wp-content\\\/uploads\\\/2019\\\/04\\\/logo-talent-puzzle-inken-schneider.png\",\"contentUrl\":\"https:\\\/\\\/talent-puzzle.com\\\/wp-content\\\/uploads\\\/2019\\\/04\\\/logo-talent-puzzle-inken-schneider.png\",\"width\":491,\"height\":118,\"caption\":\"HR Interim Management und Freelance f\u00fcr den Mittelstand\"},\"image\":{\"@id\":\"https:\\\/\\\/talent-puzzle.com\\\/en\\\/#\\\/schema\\\/logo\\\/image\\\/\"},\"sameAs\":[\"https:\\\/\\\/www.linkedin.com\\\/in\\\/inken-schneider-talent-puzzle\",\"https:\\\/\\\/www.youtube.com\\\/channel\\\/UC_aPOslTxqCzQA8l23DO-ZA\"]}]}<\/script>\n<!-- \/ Yoast SEO plugin. -->","yoast_head_json":{"title":"Career Coaching & Application Consulting by German HR Manager","description":"I support you with advice on your next career step, on your CV, cover letter & job references, and how to perform best during a job interview","robots":{"index":"index","follow":"follow","max-snippet":"max-snippet:-1","max-image-preview":"max-image-preview:large","max-video-preview":"max-video-preview:-1"},"canonical":"https:\/\/talent-puzzle.com\/en\/career-and-application-coaching-by-german-hr-expert\/","og_locale":"en_US","og_type":"article","og_title":"TALENT PUZZLE | Talent Management f\u00fcr stabile Personalverh\u00e4ltnisse","og_description":"Zusammen erarbeiten wir Strategien, Methoden und Ma\u00dfnahmen zur optimalen Besetzung von kritischen Postionen in Ihrem Unternehmen - Kontaktieren Sie mich jetzt","og_url":"https:\/\/talent-puzzle.com\/en\/career-and-application-coaching-by-german-hr-expert\/","og_site_name":"TALENT PUZZLE Inken Schneider","article_modified_time":"2026-02-03T17:59:03+00:00","og_image":[{"width":491,"height":118,"url":"https:\/\/talent-puzzle.com\/wp-content\/uploads\/2019\/04\/logo-talent-puzzle-inken-schneider.png","type":"image\/png"}],"twitter_card":"summary_large_image","twitter_misc":{"Est. reading time":"4 minutes"},"schema":{"@context":"https:\/\/schema.org","@graph":[{"@type":"WebPage","@id":"https:\/\/talent-puzzle.com\/en\/career-and-application-coaching-by-german-hr-expert\/","url":"https:\/\/talent-puzzle.com\/en\/career-and-application-coaching-by-german-hr-expert\/","name":"Career Coaching & Application Consulting by German HR Manager","isPartOf":{"@id":"https:\/\/talent-puzzle.com\/en\/#website"},"datePublished":"2025-05-05T13:59:51+00:00","dateModified":"2026-02-03T17:59:03+00:00","description":"I support you with advice on your next career step, on your CV, cover letter & job references, and how to perform best during a job interview","breadcrumb":{"@id":"https:\/\/talent-puzzle.com\/en\/career-and-application-coaching-by-german-hr-expert\/#breadcrumb"},"inLanguage":"en-US","potentialAction":[{"@type":"ReadAction","target":["https:\/\/talent-puzzle.com\/en\/career-and-application-coaching-by-german-hr-expert\/"]}]},{"@type":"BreadcrumbList","@id":"https:\/\/talent-puzzle.com\/en\/career-and-application-coaching-by-german-hr-expert\/#breadcrumb","itemListElement":[{"@type":"ListItem","position":1,"name":"Startseite","item":"https:\/\/talent-puzzle.com\/en\/"},{"@type":"ListItem","position":2,"name":"Career Coaching"}]},{"@type":"WebSite","@id":"https:\/\/talent-puzzle.com\/en\/#website","url":"https:\/\/talent-puzzle.com\/en\/","name":"TALENT PUZZLE | Inken Schneider","description":"Talent Management zur Sicherung Ihres Personalbedarfs","publisher":{"@id":"https:\/\/talent-puzzle.com\/en\/#organization"},"alternateName":"Talent Management \u2013 Recruiting-Optimierung","potentialAction":[{"@type":"SearchAction","target":{"@type":"EntryPoint","urlTemplate":"https:\/\/talent-puzzle.com\/en\/?s={search_term_string}"},"query-input":{"@type":"PropertyValueSpecification","valueRequired":true,"valueName":"search_term_string"}}],"inLanguage":"en-US"},{"@type":"Organization","@id":"https:\/\/talent-puzzle.com\/en\/#organization","name":"HR Interim Management und Freelance f\u00fcr den Mittelstand","alternateName":"Personal Management \u2013 HR Recruiting","url":"https:\/\/talent-puzzle.com\/en\/","logo":{"@type":"ImageObject","inLanguage":"en-US","@id":"https:\/\/talent-puzzle.com\/en\/#\/schema\/logo\/image\/","url":"https:\/\/talent-puzzle.com\/wp-content\/uploads\/2019\/04\/logo-talent-puzzle-inken-schneider.png","contentUrl":"https:\/\/talent-puzzle.com\/wp-content\/uploads\/2019\/04\/logo-talent-puzzle-inken-schneider.png","width":491,"height":118,"caption":"HR Interim Management und Freelance f\u00fcr den Mittelstand"},"image":{"@id":"https:\/\/talent-puzzle.com\/en\/#\/schema\/logo\/image\/"},"sameAs":["https:\/\/www.linkedin.com\/in\/inken-schneider-talent-puzzle","https:\/\/www.youtube.com\/channel\/UC_aPOslTxqCzQA8l23DO-ZA"]}]}},"_links":{"self":[{"href":"https:\/\/talent-puzzle.com\/en\/wp-json\/wp\/v2\/pages\/2430","targetHints":{"allow":["GET"]}}],"collection":[{"href":"https:\/\/talent-puzzle.com\/en\/wp-json\/wp\/v2\/pages"}],"about":[{"href":"https:\/\/talent-puzzle.com\/en\/wp-json\/wp\/v2\/types\/page"}],"author":[{"embeddable":true,"href":"https:\/\/talent-puzzle.com\/en\/wp-json\/wp\/v2\/users\/5"}],"replies":[{"embeddable":true,"href":"https:\/\/talent-puzzle.com\/en\/wp-json\/wp\/v2\/comments?post=2430"}],"version-history":[{"count":1,"href":"https:\/\/talent-puzzle.com\/en\/wp-json\/wp\/v2\/pages\/2430\/revisions"}],"predecessor-version":[{"id":3063,"href":"https:\/\/talent-puzzle.com\/en\/wp-json\/wp\/v2\/pages\/2430\/revisions\/3063"}],"wp:attachment":[{"href":"https:\/\/talent-puzzle.com\/en\/wp-json\/wp\/v2\/media?parent=2430"}],"curies":[{"name":"wp","href":"https:\/\/api.w.org\/{rel}","templated":true}]}}